{"id":121,"date":"2025-03-08T16:32:33","date_gmt":"2025-03-08T15:32:33","guid":{"rendered":"http:\/\/aureliendunycom.sc1etma3084.universe.wf\/projets\/"},"modified":"2025-05-02T16:07:16","modified_gmt":"2025-05-02T14:07:16","slug":"projects","status":"publish","type":"page","link":"https:\/\/www.aurelienduny.com\/en\/","title":{"rendered":"Projects"},"content":{"rendered":"","protected":false},"excerpt":{"rendered":"","protected":false},"author":1,"featured_media":0,"parent":0,"menu_order":0,"comment_status":"closed","ping_status":"open","template":"front-page.php","meta":{"_acf_changed":false,"footnotes":""},"class_list":["post-121","page","type-page","status-publish","hentry"],"acf":[],"yoast_head":"<!-- This site is optimized with the Yoast SEO plugin v27.4 - https:\/\/yoast.com\/product\/yoast-seo-wordpress\/ -->\n<title>Duny Architecture<\/title>\n<meta name=\"description\" content=\"Les projets de l\u2019agence DUNY se distinguent par une \u00e9criture architecturale subtile, o\u00f9 les influences se croisent et se r\u00e9pondent sans jamais s\u2019imposer. On y per\u00e7oit l\u2019\u00e9pure et la s\u00e9r\u00e9nit\u00e9 du minimalisme, la rigueur fonctionnelle et les lignes franches du modernisme mid-century, ainsi que la douceur lumineuse et les textures naturelles inspir\u00e9es de la Provence. Cette combinaison singuli\u00e8re s\u2019exprime dans des int\u00e9rieurs o\u00f9 l\u2019on privil\u00e9gie la clart\u00e9 des volumes, la noblesse des mati\u00e8res et la justesse des proportions.\" \/>\n<meta name=\"robots\" content=\"index, follow, max-snippet:-1, max-image-preview:large, max-video-preview:-1\" \/>\n<link rel=\"canonical\" href=\"https:\/\/www.aurelienduny.com\/en\/\" \/>\n<meta property=\"og:locale\" content=\"en_US\" \/>\n<meta property=\"og:type\" content=\"article\" \/>\n<meta property=\"og:title\" content=\"Duny Architecture\" \/>\n<meta property=\"og:description\" content=\"Les projets de l\u2019agence DUNY se distinguent par une \u00e9criture architecturale subtile, o\u00f9 les influences se croisent et se r\u00e9pondent sans jamais s\u2019imposer. On y per\u00e7oit l\u2019\u00e9pure et la s\u00e9r\u00e9nit\u00e9 du minimalisme, la rigueur fonctionnelle et les lignes franches du modernisme mid-century, ainsi que la douceur lumineuse et les textures naturelles inspir\u00e9es de la Provence. Cette combinaison singuli\u00e8re s\u2019exprime dans des int\u00e9rieurs o\u00f9 l\u2019on privil\u00e9gie la clart\u00e9 des volumes, la noblesse des mati\u00e8res et la justesse des proportions.\" \/>\n<meta property=\"og:url\" content=\"https:\/\/www.aurelienduny.com\/en\/\" \/>\n<meta property=\"og:site_name\" content=\"Duny Architecture\" \/>\n<meta property=\"article:modified_time\" content=\"2025-05-02T14:07:16+00:00\" \/>\n<meta name=\"twitter:card\" content=\"summary_large_image\" \/>\n<script type=\"application\/ld+json\" class=\"yoast-schema-graph\">{\"@context\":\"https:\\\/\\\/schema.org\",\"@graph\":[{\"@type\":\"WebPage\",\"@id\":\"https:\\\/\\\/www.aurelienduny.com\\\/en\\\/\",\"url\":\"https:\\\/\\\/www.aurelienduny.com\\\/en\\\/\",\"name\":\"Duny Architecture\",\"isPartOf\":{\"@id\":\"https:\\\/\\\/www.aurelienduny.com\\\/en\\\/#website\"},\"datePublished\":\"2025-03-08T15:32:33+00:00\",\"dateModified\":\"2025-05-02T14:07:16+00:00\",\"description\":\"Les projets de l\u2019agence DUNY se distinguent par une \u00e9criture architecturale subtile, o\u00f9 les influences se croisent et se r\u00e9pondent sans jamais s\u2019imposer. On y per\u00e7oit l\u2019\u00e9pure et la s\u00e9r\u00e9nit\u00e9 du minimalisme, la rigueur fonctionnelle et les lignes franches du modernisme mid-century, ainsi que la douceur lumineuse et les textures naturelles inspir\u00e9es de la Provence. Cette combinaison singuli\u00e8re s\u2019exprime dans des int\u00e9rieurs o\u00f9 l\u2019on privil\u00e9gie la clart\u00e9 des volumes, la noblesse des mati\u00e8res et la justesse des proportions.\",\"breadcrumb\":{\"@id\":\"https:\\\/\\\/www.aurelienduny.com\\\/en\\\/#breadcrumb\"},\"inLanguage\":\"en-US\",\"potentialAction\":[{\"@type\":\"ReadAction\",\"target\":[\"https:\\\/\\\/www.aurelienduny.com\\\/en\\\/\"]}]},{\"@type\":\"BreadcrumbList\",\"@id\":\"https:\\\/\\\/www.aurelienduny.com\\\/en\\\/#breadcrumb\",\"itemListElement\":[{\"@type\":\"ListItem\",\"position\":1,\"name\":\"Accueil\",\"item\":\"https:\\\/\\\/www.aurelienduny.com\\\/en\\\/\"},{\"@type\":\"ListItem\",\"position\":2,\"name\":\"Projects\"}]},{\"@type\":\"WebSite\",\"@id\":\"https:\\\/\\\/www.aurelienduny.com\\\/en\\\/#website\",\"url\":\"https:\\\/\\\/www.aurelienduny.com\\\/en\\\/\",\"name\":\"Duny Architecture\",\"description\":\"\",\"potentialAction\":[{\"@type\":\"SearchAction\",\"target\":{\"@type\":\"EntryPoint\",\"urlTemplate\":\"https:\\\/\\\/www.aurelienduny.com\\\/en\\\/?s={search_term_string}\"},\"query-input\":{\"@type\":\"PropertyValueSpecification\",\"valueRequired\":true,\"valueName\":\"search_term_string\"}}],\"inLanguage\":\"en-US\"}]}<\/script>\n<!-- \/ Yoast SEO plugin. -->","yoast_head_json":{"title":"Duny Architecture","description":"Les projets de l\u2019agence DUNY se distinguent par une \u00e9criture architecturale subtile, o\u00f9 les influences se croisent et se r\u00e9pondent sans jamais s\u2019imposer. On y per\u00e7oit l\u2019\u00e9pure et la s\u00e9r\u00e9nit\u00e9 du minimalisme, la rigueur fonctionnelle et les lignes franches du modernisme mid-century, ainsi que la douceur lumineuse et les textures naturelles inspir\u00e9es de la Provence. Cette combinaison singuli\u00e8re s\u2019exprime dans des int\u00e9rieurs o\u00f9 l\u2019on privil\u00e9gie la clart\u00e9 des volumes, la noblesse des mati\u00e8res et la justesse des proportions.","robots":{"index":"index","follow":"follow","max-snippet":"max-snippet:-1","max-image-preview":"max-image-preview:large","max-video-preview":"max-video-preview:-1"},"canonical":"https:\/\/www.aurelienduny.com\/en\/","og_locale":"en_US","og_type":"article","og_title":"Duny Architecture","og_description":"Les projets de l\u2019agence DUNY se distinguent par une \u00e9criture architecturale subtile, o\u00f9 les influences se croisent et se r\u00e9pondent sans jamais s\u2019imposer. On y per\u00e7oit l\u2019\u00e9pure et la s\u00e9r\u00e9nit\u00e9 du minimalisme, la rigueur fonctionnelle et les lignes franches du modernisme mid-century, ainsi que la douceur lumineuse et les textures naturelles inspir\u00e9es de la Provence. Cette combinaison singuli\u00e8re s\u2019exprime dans des int\u00e9rieurs o\u00f9 l\u2019on privil\u00e9gie la clart\u00e9 des volumes, la noblesse des mati\u00e8res et la justesse des proportions.","og_url":"https:\/\/www.aurelienduny.com\/en\/","og_site_name":"Duny Architecture","article_modified_time":"2025-05-02T14:07:16+00:00","twitter_card":"summary_large_image","schema":{"@context":"https:\/\/schema.org","@graph":[{"@type":"WebPage","@id":"https:\/\/www.aurelienduny.com\/en\/","url":"https:\/\/www.aurelienduny.com\/en\/","name":"Duny Architecture","isPartOf":{"@id":"https:\/\/www.aurelienduny.com\/en\/#website"},"datePublished":"2025-03-08T15:32:33+00:00","dateModified":"2025-05-02T14:07:16+00:00","description":"Les projets de l\u2019agence DUNY se distinguent par une \u00e9criture architecturale subtile, o\u00f9 les influences se croisent et se r\u00e9pondent sans jamais s\u2019imposer. On y per\u00e7oit l\u2019\u00e9pure et la s\u00e9r\u00e9nit\u00e9 du minimalisme, la rigueur fonctionnelle et les lignes franches du modernisme mid-century, ainsi que la douceur lumineuse et les textures naturelles inspir\u00e9es de la Provence. Cette combinaison singuli\u00e8re s\u2019exprime dans des int\u00e9rieurs o\u00f9 l\u2019on privil\u00e9gie la clart\u00e9 des volumes, la noblesse des mati\u00e8res et la justesse des proportions.","breadcrumb":{"@id":"https:\/\/www.aurelienduny.com\/en\/#breadcrumb"},"inLanguage":"en-US","potentialAction":[{"@type":"ReadAction","target":["https:\/\/www.aurelienduny.com\/en\/"]}]},{"@type":"BreadcrumbList","@id":"https:\/\/www.aurelienduny.com\/en\/#breadcrumb","itemListElement":[{"@type":"ListItem","position":1,"name":"Accueil","item":"https:\/\/www.aurelienduny.com\/en\/"},{"@type":"ListItem","position":2,"name":"Projects"}]},{"@type":"WebSite","@id":"https:\/\/www.aurelienduny.com\/en\/#website","url":"https:\/\/www.aurelienduny.com\/en\/","name":"Duny Architecture","description":"","potentialAction":[{"@type":"SearchAction","target":{"@type":"EntryPoint","urlTemplate":"https:\/\/www.aurelienduny.com\/en\/?s={search_term_string}"},"query-input":{"@type":"PropertyValueSpecification","valueRequired":true,"valueName":"search_term_string"}}],"inLanguage":"en-US"}]}},"_links":{"self":[{"href":"https:\/\/www.aurelienduny.com\/en\/wp-json\/wp\/v2\/pages\/121","targetHints":{"allow":["GET"]}}],"collection":[{"href":"https:\/\/www.aurelienduny.com\/en\/wp-json\/wp\/v2\/pages"}],"about":[{"href":"https:\/\/www.aurelienduny.com\/en\/wp-json\/wp\/v2\/types\/page"}],"author":[{"embeddable":true,"href":"https:\/\/www.aurelienduny.com\/en\/wp-json\/wp\/v2\/users\/1"}],"replies":[{"embeddable":true,"href":"https:\/\/www.aurelienduny.com\/en\/wp-json\/wp\/v2\/comments?post=121"}],"version-history":[{"count":2,"href":"https:\/\/www.aurelienduny.com\/en\/wp-json\/wp\/v2\/pages\/121\/revisions"}],"predecessor-version":[{"id":830,"href":"https:\/\/www.aurelienduny.com\/en\/wp-json\/wp\/v2\/pages\/121\/revisions\/830"}],"wp:attachment":[{"href":"https:\/\/www.aurelienduny.com\/en\/wp-json\/wp\/v2\/media?parent=121"}],"curies":[{"name":"wp","href":"https:\/\/api.w.org\/{rel}","templated":true}]}}